{"id":1454,"date":"2019-06-20T11:14:58","date_gmt":"2019-06-20T09:14:58","guid":{"rendered":"http:\/\/magali.vulposforest.be\/?page_id=1454"},"modified":"2022-01-23T17:25:25","modified_gmt":"2022-01-23T16:25:25","slug":"home","status":"publish","type":"page","link":"https:\/\/www.magalivanderheyden.be\/fr\/","title":{"rendered":"Accueil"},"content":{"rendered":"\n<div class=\"wp-block-columns has-2-columns\">\n<div class=\"wp-block-column\">\n<div style=\"height:40px\" aria-hidden=\"true\" class=\"wp-block-spacer\"><\/div>\n\n\n\n<figure class=\"wp-block-image size-large is-resized\"><img loading=\"lazy\" src=\"https:\/\/www.magalivanderheyden.be\/wp-content\/uploads\/2020\/10\/DSC2044-2-683x1024.jpg\" alt=\"\" class=\"wp-image-4343\" width=\"342\" height=\"512\" srcset=\"https:\/\/www.magalivanderheyden.be\/wp-content\/uploads\/2020\/10\/DSC2044-2-683x1024.jpg 683w, https:\/\/www.magalivanderheyden.be\/wp-content\/uploads\/2020\/10\/DSC2044-2-200x300.jpg 200w, https:\/\/www.magalivanderheyden.be\/wp-content\/uploads\/2020\/10\/DSC2044-2-768x1152.jpg 768w\" sizes=\"(max-width: 342px) 100vw, 342px\" \/><\/figure>\n<\/div>\n\n\n\n<div class=\"wp-block-column\">\n<h2>MAGALI VAN DER HEYDEN<\/h2>\n\n\n\n<div style=\"height:45px\" aria-hidden=\"true\" class=\"wp-block-spacer\"><\/div>\n\n\n\n<p>Sp\u00e9cialis\u00e9e dans le comportement des chevaux, je propose mes comp\u00e9tences aux cavaliers et leurs montures.<\/p>\n\n\n\n<div style=\"height:40px\" aria-hidden=\"true\" class=\"wp-block-spacer\"><\/div>\n\n\n\n<h4>Mon objectif?<\/h4>\n\n\n\n<p>Comprendre \u00e0 la fois l\u2019homme et l\u2019animal afin de construire <strong>confiance<\/strong> et <strong>respect<\/strong> r\u00e9ciproque, en toute <strong>s\u00e9curit\u00e9<\/strong>.\u00a0<\/p>\n\n\n\n<p>Construire une relation harmonieuse, pousser ses limites, devenir un meilleur entraineur, am\u00e9liorer ses comp\u00e9tences et r\u00e9aliser ses r\u00eaves.<\/p>\n\n\n\n<p><strong>Un subtil mariage entre le sport, le horsemanship et la science.<\/strong><\/p>\n\n\n\n<p><a href=\"https:\/\/www.magalivanderheyden.be\/fr\/magali\/\">En savoir plus\u2026<\/a><\/p>\n<\/div>\n<\/div>\n","protected":false},"excerpt":{"rendered":"<p>MAGALI VAN DER HEYDEN Sp\u00e9cialis\u00e9e dans le comportement des chevaux, je propose mes comp\u00e9tences aux cavaliers et leurs montures. Mon objectif? Comprendre \u00e0 la fois l\u2019homme et l\u2019animal afin de construire confiance et respect r\u00e9ciproque, en toute s\u00e9curit\u00e9.\u00a0 Construire une relation harmonieuse, pousser ses limites, devenir un meilleur entraineur, am\u00e9liorer ses comp\u00e9tences et r\u00e9aliser ses [&hellip;]<\/p>\n","protected":false},"author":4,"featured_media":0,"parent":0,"menu_order":8,"comment_status":"closed","ping_status":"closed","template":"front-page.php","meta":[],"yoast_head":"<!-- This site is optimized with the Yoast SEO plugin v16.7 - https:\/\/yoast.com\/wordpress\/plugins\/seo\/ -->\n<meta name=\"description\" content=\"Equitation \u00e9thologique, compr\u00e9hension mutuelle, confiance, respect, chevaux difficiles, jeunes chevaux, horsemanship et sport\" \/>\n<meta name=\"robots\" content=\"index, follow, max-snippet:-1, max-image-preview:large, max-video-preview:-1\" \/>\n<link rel=\"canonical\" href=\"https:\/\/www.magalivanderheyden.be\/fr\/\" \/>\n<meta property=\"og:locale\" content=\"fr_FR\" \/>\n<meta property=\"og:type\" content=\"article\" \/>\n<meta property=\"og:title\" content=\"Accueil | Magali Van der Heyden | Horsemanship &amp; sport\" \/>\n<meta property=\"og:description\" content=\"Equitation \u00e9thologique, compr\u00e9hension mutuelle, confiance, respect, chevaux difficiles, jeunes chevaux, horsemanship et sport\" \/>\n<meta property=\"og:url\" content=\"https:\/\/www.magalivanderheyden.be\/fr\/\" \/>\n<meta property=\"og:site_name\" content=\"Magali Van der Heyden\" \/>\n<meta property=\"article:publisher\" content=\"https:\/\/www.facebook.com\/magali.vanderheyden.9?fref=ts\" \/>\n<meta property=\"article:modified_time\" content=\"2022-01-23T16:25:25+00:00\" \/>\n<meta property=\"og:image\" content=\"https:\/\/www.magalivanderheyden.be\/wp-content\/uploads\/2020\/10\/DSC2044-2-683x1024.jpg\" \/>\n<meta name=\"twitter:card\" content=\"summary_large_image\" \/>\n<meta name=\"twitter:label1\" content=\"Dur\u00e9e de lecture est.\" \/>\n\t<meta name=\"twitter:data1\" content=\"1 minute\" \/>\n<script type=\"application\/ld+json\" class=\"yoast-schema-graph\">{\"@context\":\"https:\/\/schema.org\",\"@graph\":[{\"@type\":\"Organization\",\"@id\":\"https:\/\/www.magalivanderheyden.be\/#organization\",\"name\":\"Magali Van der Heyden\",\"url\":\"https:\/\/www.magalivanderheyden.be\/\",\"sameAs\":[\"https:\/\/www.facebook.com\/magali.vanderheyden.9?fref=ts\",\"https:\/\/www.instagram.com\/magali_horsemanship_and_sport\/\"],\"logo\":{\"@type\":\"ImageObject\",\"@id\":\"https:\/\/www.magalivanderheyden.be\/#logo\",\"inLanguage\":\"fr-FR\",\"url\":\"https:\/\/www.magalivanderheyden.be\/wp-content\/uploads\/2019\/05\/logo_right_footer.png\",\"contentUrl\":\"https:\/\/www.magalivanderheyden.be\/wp-content\/uploads\/2019\/05\/logo_right_footer.png\",\"width\":2147,\"height\":1208,\"caption\":\"Magali Van der Heyden\"},\"image\":{\"@id\":\"https:\/\/www.magalivanderheyden.be\/#logo\"}},{\"@type\":\"WebSite\",\"@id\":\"https:\/\/www.magalivanderheyden.be\/#website\",\"url\":\"https:\/\/www.magalivanderheyden.be\/\",\"name\":\"Magali Van der Heyden\",\"description\":\"Horsemanship and sport\",\"publisher\":{\"@id\":\"https:\/\/www.magalivanderheyden.be\/#organization\"},\"potentialAction\":[{\"@type\":\"SearchAction\",\"target\":{\"@type\":\"EntryPoint\",\"urlTemplate\":\"https:\/\/www.magalivanderheyden.be\/?s={search_term_string}\"},\"query-input\":\"required name=search_term_string\"}],\"inLanguage\":\"fr-FR\"},{\"@type\":\"ImageObject\",\"@id\":\"https:\/\/www.magalivanderheyden.be\/fr\/#primaryimage\",\"inLanguage\":\"fr-FR\",\"url\":\"https:\/\/www.magalivanderheyden.be\/wp-content\/uploads\/2020\/10\/DSC2044-2.jpg\",\"contentUrl\":\"https:\/\/www.magalivanderheyden.be\/wp-content\/uploads\/2020\/10\/DSC2044-2.jpg\",\"width\":2504,\"height\":3756},{\"@type\":\"WebPage\",\"@id\":\"https:\/\/www.magalivanderheyden.be\/fr\/#webpage\",\"url\":\"https:\/\/www.magalivanderheyden.be\/fr\/\",\"name\":\"Accueil | Magali Van der Heyden | Horsemanship & sport\",\"isPartOf\":{\"@id\":\"https:\/\/www.magalivanderheyden.be\/#website\"},\"primaryImageOfPage\":{\"@id\":\"https:\/\/www.magalivanderheyden.be\/fr\/#primaryimage\"},\"datePublished\":\"2019-06-20T09:14:58+00:00\",\"dateModified\":\"2022-01-23T16:25:25+00:00\",\"description\":\"Equitation \\u00e9thologique, compr\\u00e9hension mutuelle, confiance, respect, chevaux difficiles, jeunes chevaux, horsemanship et sport\",\"breadcrumb\":{\"@id\":\"https:\/\/www.magalivanderheyden.be\/fr\/#breadcrumb\"},\"inLanguage\":\"fr-FR\",\"potentialAction\":[{\"@type\":\"ReadAction\",\"target\":[\"https:\/\/www.magalivanderheyden.be\/fr\/\"]}]},{\"@type\":\"BreadcrumbList\",\"@id\":\"https:\/\/www.magalivanderheyden.be\/fr\/#breadcrumb\",\"itemListElement\":[{\"@type\":\"ListItem\",\"position\":1,\"name\":\"Home\",\"item\":\"https:\/\/www.magalivanderheyden.be\/fr\/\"},{\"@type\":\"ListItem\",\"position\":2,\"name\":\"Accueil\"}]}]}<\/script>\n<!-- \/ Yoast SEO plugin. -->","yoast_head_json":{"description":"Equitation \u00e9thologique, compr\u00e9hension mutuelle, confiance, respect, chevaux difficiles, jeunes chevaux, horsemanship et sport","robots":{"index":"index","follow":"follow","max-snippet":"max-snippet:-1","max-image-preview":"max-image-preview:large","max-video-preview":"max-video-preview:-1"},"canonical":"https:\/\/www.magalivanderheyden.be\/fr\/","og_locale":"fr_FR","og_type":"article","og_title":"Accueil | Magali Van der Heyden | Horsemanship & sport","og_description":"Equitation \u00e9thologique, compr\u00e9hension mutuelle, confiance, respect, chevaux difficiles, jeunes chevaux, horsemanship et sport","og_url":"https:\/\/www.magalivanderheyden.be\/fr\/","og_site_name":"Magali Van der Heyden","article_publisher":"https:\/\/www.facebook.com\/magali.vanderheyden.9?fref=ts","article_modified_time":"2022-01-23T16:25:25+00:00","og_image":[{"url":"https:\/\/www.magalivanderheyden.be\/wp-content\/uploads\/2020\/10\/DSC2044-2-683x1024.jpg"}],"twitter_card":"summary_large_image","twitter_misc":{"Dur\u00e9e de lecture est.":"1 minute"},"schema":{"@context":"https:\/\/schema.org","@graph":[{"@type":"Organization","@id":"https:\/\/www.magalivanderheyden.be\/#organization","name":"Magali Van der Heyden","url":"https:\/\/www.magalivanderheyden.be\/","sameAs":["https:\/\/www.facebook.com\/magali.vanderheyden.9?fref=ts","https:\/\/www.instagram.com\/magali_horsemanship_and_sport\/"],"logo":{"@type":"ImageObject","@id":"https:\/\/www.magalivanderheyden.be\/#logo","inLanguage":"fr-FR","url":"https:\/\/www.magalivanderheyden.be\/wp-content\/uploads\/2019\/05\/logo_right_footer.png","contentUrl":"https:\/\/www.magalivanderheyden.be\/wp-content\/uploads\/2019\/05\/logo_right_footer.png","width":2147,"height":1208,"caption":"Magali Van der Heyden"},"image":{"@id":"https:\/\/www.magalivanderheyden.be\/#logo"}},{"@type":"WebSite","@id":"https:\/\/www.magalivanderheyden.be\/#website","url":"https:\/\/www.magalivanderheyden.be\/","name":"Magali Van der Heyden","description":"Horsemanship and sport","publisher":{"@id":"https:\/\/www.magalivanderheyden.be\/#organization"},"potentialAction":[{"@type":"SearchAction","target":{"@type":"EntryPoint","urlTemplate":"https:\/\/www.magalivanderheyden.be\/?s={search_term_string}"},"query-input":"required name=search_term_string"}],"inLanguage":"fr-FR"},{"@type":"ImageObject","@id":"https:\/\/www.magalivanderheyden.be\/fr\/#primaryimage","inLanguage":"fr-FR","url":"https:\/\/www.magalivanderheyden.be\/wp-content\/uploads\/2020\/10\/DSC2044-2.jpg","contentUrl":"https:\/\/www.magalivanderheyden.be\/wp-content\/uploads\/2020\/10\/DSC2044-2.jpg","width":2504,"height":3756},{"@type":"WebPage","@id":"https:\/\/www.magalivanderheyden.be\/fr\/#webpage","url":"https:\/\/www.magalivanderheyden.be\/fr\/","name":"Accueil | Magali Van der Heyden | Horsemanship & sport","isPartOf":{"@id":"https:\/\/www.magalivanderheyden.be\/#website"},"primaryImageOfPage":{"@id":"https:\/\/www.magalivanderheyden.be\/fr\/#primaryimage"},"datePublished":"2019-06-20T09:14:58+00:00","dateModified":"2022-01-23T16:25:25+00:00","description":"Equitation \u00e9thologique, compr\u00e9hension mutuelle, confiance, respect, chevaux difficiles, jeunes chevaux, horsemanship et sport","breadcrumb":{"@id":"https:\/\/www.magalivanderheyden.be\/fr\/#breadcrumb"},"inLanguage":"fr-FR","potentialAction":[{"@type":"ReadAction","target":["https:\/\/www.magalivanderheyden.be\/fr\/"]}]},{"@type":"BreadcrumbList","@id":"https:\/\/www.magalivanderheyden.be\/fr\/#breadcrumb","itemListElement":[{"@type":"ListItem","position":1,"name":"Home","item":"https:\/\/www.magalivanderheyden.be\/fr\/"},{"@type":"ListItem","position":2,"name":"Accueil"}]}]}},"_links":{"self":[{"href":"https:\/\/www.magalivanderheyden.be\/fr\/wp-json\/wp\/v2\/pages\/1454"}],"collection":[{"href":"https:\/\/www.magalivanderheyden.be\/fr\/wp-json\/wp\/v2\/pages"}],"about":[{"href":"https:\/\/www.magalivanderheyden.be\/fr\/wp-json\/wp\/v2\/types\/page"}],"author":[{"embeddable":true,"href":"https:\/\/www.magalivanderheyden.be\/fr\/wp-json\/wp\/v2\/users\/4"}],"replies":[{"embeddable":true,"href":"https:\/\/www.magalivanderheyden.be\/fr\/wp-json\/wp\/v2\/comments?post=1454"}],"version-history":[{"count":35,"href":"https:\/\/www.magalivanderheyden.be\/fr\/wp-json\/wp\/v2\/pages\/1454\/revisions"}],"predecessor-version":[{"id":5903,"href":"https:\/\/www.magalivanderheyden.be\/fr\/wp-json\/wp\/v2\/pages\/1454\/revisions\/5903"}],"wp:attachment":[{"href":"https:\/\/www.magalivanderheyden.be\/fr\/wp-json\/wp\/v2\/media?parent=1454"}],"curies":[{"name":"wp","href":"https:\/\/api.w.org\/{rel}","templated":true}]}}